{"id":403,"date":"2019-02-19T02:30:53","date_gmt":"2019-02-19T07:30:53","guid":{"rendered":"http:\/\/box5530.temp.domains\/~edisonr3\/summer\/"},"modified":"2022-10-19T20:32:43","modified_gmt":"2022-10-20T00:32:43","slug":"summer","status":"publish","type":"page","link":"https:\/\/edisonresidence.com\/fr\/summer\/","title":{"rendered":"\u00c9t\u00e9"},"content":{"rendered":"<!--themify_builder_content-->\n<div id=\"themify_builder_content-403\" data-postid=\"403\" class=\"themify_builder_content themify_builder_content-403 themify_builder tf_clear\">\n                    <div  data-lazy=\"1\" class=\"module_row themify_builder_row tb_c982221 tb_first tf_w\">\n                        <div class=\"row_inner col_align_top tb_col_count_1 tf_box tf_rel\">\n                        <div  data-lazy=\"1\" class=\"module_column tb-column col-full tb_b4feb45 first\">\n                    <!-- module text -->\n<div  class=\"module module-text tb_56b7548  repeat \" data-lazy=\"1\">\n        <div  class=\"tb_text_wrap\">\n        <h1><strong>H\u00e9bergement estival<\/strong><\/h1>\n<p>Pour la p\u00e9riode de mai \u00e0 ao\u00fbt, il est possible de s\u00e9journer dans notre r\u00e9sidence pour une dur\u00e9e minimale de 32 nuit\u00e9es cons\u00e9cutives sans avoir le statut d&rsquo;\u00e9tudiant.<\/p>\n<p>La r\u00e9sidence est tout pr\u00e8s du centre-ville et \u00e0 quelques minutes \u00e0 pied du m\u00e9tro. Outres ses chambres modernes et toutes \u00e9quip\u00e9es, c&rsquo;est en toute s\u00e9curit\u00e9 que vous pourrez circuler dans les environs, \u00e0 proximit\u00e9 des attractions de la belle ville de Montr\u00e9al.<\/p>    <\/div>\n<\/div>\n<!-- \/module text -->        <\/div>\n                        <\/div>\n        <\/div>\n                        <div  data-lazy=\"1\" class=\"module_row themify_builder_row tb_40c3630 tf_w\">\n                        <div class=\"row_inner col_align_top tb_col_count_1 tf_box tf_rel\">\n                        <div  data-lazy=\"1\" class=\"module_column tb-column col-full tb_3dc33eb first\">\n                    <!-- module divider -->\n<div  class=\"module tf_mw module-divider tb_818db96 solid   \" style=\"border-width: 3px;border-color: #cccccc;margin-top: 24px;margin-bottom: 23px;\" data-lazy=\"1\">\n    <\/div>\n<!-- \/module divider -->\n        <\/div>\n                        <\/div>\n        <\/div>\n                        <div  data-lazy=\"1\" class=\"module_row themify_builder_row tb_4994ee3 tf_w\">\n                        <div class=\"row_inner col_align_top tb_col_count_1 tf_box tf_rel\">\n                        <div  data-lazy=\"1\" class=\"module_column tb-column col-full tb_8d60be7 first\">\n                    <!-- module text -->\n<div  class=\"module module-text tb_04125ab  repeat \" data-lazy=\"1\">\n        <div  class=\"tb_text_wrap\">\n        <style>#jtg-601 .modula-item .jtg-social a, .lightbox-socials.jtg-social a{ fill: #ffffff; color: #ffffff }#jtg-601 .modula-item .jtg-social-expandable a, #jtg-601 .modula-item .jtg-social-expandable-icons a{ fill: #ffffff; color: #ffffff }#jtg-601 .modula-item .jtg-social svg, .lightbox-socials.jtg-social svg { height: 16px; width: 16px }#jtg-601 .modula-item .jtg-social-expandable svg { height: 16px; width: 16px }#jtg-601 .modula-item .jtg-social-expandable-icons svg { height: 16px; width: 16px }#jtg-601 .modula-item .jtg-social a:not(:last-child), .lightbox-socials.jtg-social a:not(:last-child) { margin-right: 10px }#jtg-601 .modula-item .jtg-social-expandable-icons { gap: 10px }#jtg-601 .modula-item .figc {color:#ffffff;}#jtg-601 .modula-item .modula-item-content { transform: scale(1); }#jtg-601 { width:100%;}#jtg-601 .modula-items{height:800px;}@media screen and (max-width: 992px) {#jtg-601 .modula-items{height:800px;}}@media screen and (max-width: 768px) {#jtg-601 .modula-items{height:800px;}}#jtg-601 .modula-items .figc p.description { font-size:14px; }#jtg-601 .modula-items .figc p.description { color:#ffffff;}#jtg-601.modula-gallery .modula-item > a, #jtg-601.modula-gallery .modula-item, #jtg-601.modula-gallery .modula-item-content > a:not(.modula-no-follow) { cursor:zoom-in; } #jtg-601.modula-gallery .modula-item-content .modula-no-follow { cursor: default; } @media screen and (max-width:480px){#jtg-601 .modula-item .figc .jtg-title {  font-size: 12px; }#jtg-601 .modula-items .figc p.description { color:#ffffff;font-size:10px; }}<\/style>\n<div  id=\"jtg-601\" class=\"modula modula-gallery modula-creative-gallery\" data-config=\"{&quot;height&quot;:800,&quot;tabletHeight&quot;:800,&quot;mobileHeight&quot;:800,&quot;desktopHeight&quot;:800,&quot;enableTwitter&quot;:false,&quot;enableWhatsapp&quot;:false,&quot;enableFacebook&quot;:false,&quot;enablePinterest&quot;:false,&quot;enableLinkedin&quot;:false,&quot;enableEmail&quot;:false,&quot;randomFactor&quot;:0.5,&quot;type&quot;:&quot;creative-gallery&quot;,&quot;columns&quot;:12,&quot;gutter&quot;:10,&quot;mobileGutter&quot;:10,&quot;tabletGutter&quot;:10,&quot;desktopGutter&quot;:10,&quot;enableResponsive&quot;:&quot;0&quot;,&quot;tabletColumns&quot;:&quot;2&quot;,&quot;mobileColumns&quot;:&quot;1&quot;,&quot;lazyLoad&quot;:0,&quot;lightboxOpts&quot;:{&quot;animated&quot;:true,&quot;Thumbs&quot;:{&quot;type&quot;:&quot;modern&quot;,&quot;showOnStart&quot;:false},&quot;Toolbar&quot;:{&quot;display&quot;:{&quot;right&quot;:[&quot;close&quot;]},&quot;enabled&quot;:true},&quot;Carousel&quot;:{&quot;Panzoom&quot;:{&quot;touch&quot;:false},&quot;infinite&quot;:false},&quot;keyboard&quot;:{&quot;Escape&quot;:&quot;close&quot;,&quot;Delete&quot;:&quot;close&quot;,&quot;Backspace&quot;:&quot;close&quot;,&quot;PageUp&quot;:false,&quot;PageDown&quot;:false,&quot;ArrowUp&quot;:false,&quot;ArrowDown&quot;:false,&quot;ArrowRight&quot;:false,&quot;ArrowLeft&quot;:false},&quot;touch&quot;:false,&quot;backdropClick&quot;:false,&quot;l10n&quot;:{&quot;CLOSE&quot;:&quot;Close&quot;,&quot;NEXT&quot;:&quot;Next&quot;,&quot;PREV&quot;:&quot;Previous&quot;,&quot;Error&quot;:&quot;The requested content cannot be loaded. Please try again later.&quot;,&quot;PLAY_START&quot;:&quot;Start slideshow&quot;,&quot;PLAY_STOP&quot;:&quot;Pause slideshow&quot;,&quot;FULL_SCREEN&quot;:&quot;Full screen&quot;,&quot;THUMBS&quot;:&quot;Thumbnails&quot;,&quot;DOWNLOAD&quot;:&quot;Download&quot;,&quot;SHARE&quot;:&quot;Share&quot;,&quot;ZOOM&quot;:&quot;Zoom&quot;,&quot;EMAIL&quot;:&quot;Here is the link to the image : %%image_link%% and this is the link to the gallery : %%gallery_link%%&quot;,&quot;MODAL&quot;:&quot;You can close this modal content with the ESC key&quot;,&quot;ERROR&quot;:&quot;Something Went Wrong, Please Try Again Later&quot;,&quot;IMAGE_ERROR&quot;:&quot;Image Not Found&quot;,&quot;ELEMENT_NOT_FOUND&quot;:&quot;HTML Element Not Found&quot;,&quot;AJAX_NOT_FOUND&quot;:&quot;Error Loading AJAX : Not Found&quot;,&quot;AJAX_FORBIDDEN&quot;:&quot;Error Loading AJAX : Forbidden&quot;,&quot;IFRAME_ERROR&quot;:&quot;Error Loading Page&quot;,&quot;TOGGLE_ZOOM&quot;:&quot;Toggle zoom level&quot;,&quot;TOGGLE_THUMBS&quot;:&quot;Toggle thumbnails&quot;,&quot;TOGGLE_SLIDESHOW&quot;:&quot;Toggle slideshow&quot;,&quot;TOGGLE_FULLSCREEN&quot;:&quot;Toggle full-screen mode&quot;},&quot;Images&quot;:{&quot;Panzoom&quot;:{&quot;maxScale&quot;:2}},&quot;mainClass&quot;:&quot;modula-fancybox-container modula-lightbox-jtg-601&quot;,&quot;Html&quot;:{&quot;videoAutoplay&quot;:0,&quot;videoTpl&quot;:&quot;&lt;video class=\\&quot;fancybox__html5video\\&quot; controls muted playsinline controlsList controlsList=\\&quot;nodownload\\&quot; poster=\\&quot;{{poster}}\\&quot; src=\\&quot;{{src}}\\&quot; type=\\&quot;{{format}}\\&quot; &gt;  Sorry, your browser doesn&#039;t support embedded videos, &lt;a href=\\&quot;{{src}}\\&quot;&gt; download &lt;\\\/a&gt; and watch with your favorite video player! &lt;\\\/video&gt;&quot;}},&quot;inView&quot;:false,&quot;email_subject&quot;:&quot;Check out this awesome image !!&quot;,&quot;email_message&quot;:&quot;Here is the link to the image : %%image_link%% and this is the link to the gallery : %%gallery_link%%&quot;,&quot;lightbox&quot;:&quot;fancybox&quot;}\">\n\n\t\n\t<div  class=\"modula-items\">\n\t\t<div class=\"modula-item effect-pufrobo\" >\n\t<div class=\"modula-item-overlay\"><\/div>\n\n\t<div class=\"modula-item-content\">\n\n\t\t\t\t\n\t\t\t\t\t<a data-image-id=\"602\" role=\"button\" tabindex=\"0\" rel=\"jtg-601\" data-caption=\"\" aria-label=\"Open image in lightbox\" class=\"tile-inner modula-item-link\"><\/a>\n\t\t\n\t\t<img loading=\"lazy\" decoding=\"async\" class=\"pic wp-image-602\"  data-valign=\"middle\" data-halign=\"center\" alt=\"\" data-full=\"https:\/\/edisonresidence.com\/wp-content\/uploads\/2019\/04\/EdisonResidence-bixi-rental-bikes.jpg\" title=\"EdisonResidence-bixi-rental-bikes\" width=\"300\" height=\"200\" src=\"https:\/\/edisonresidence.com\/wp-content\/uploads\/2019\/04\/EdisonResidence-bixi-rental-bikes-300x200.jpg\" data-src=\"https:\/\/edisonresidence.com\/wp-content\/uploads\/2019\/04\/EdisonResidence-bixi-rental-bikes-300x200.jpg\" data-caption=\"\" srcset=\"https:\/\/edisonresidence.com\/wp-content\/uploads\/2019\/04\/EdisonResidence-bixi-rental-bikes.jpg 1280w, https:\/\/edisonresidence.com\/wp-content\/uploads\/2019\/04\/EdisonResidence-bixi-rental-bikes-300x200.jpg 300w, https:\/\/edisonresidence.com\/wp-content\/uploads\/2019\/04\/EdisonResidence-bixi-rental-bikes-768x512.jpg 768w, https:\/\/edisonresidence.com\/wp-content\/uploads\/2019\/04\/EdisonResidence-bixi-rental-bikes-1024x682.jpg 1024w\" sizes=\"auto, (max-width: 300px) 100vw, 300px\" \/>\n\t\t<div class=\"figc no-description\">\n\t\t\t<div class=\"figc-inner\">\n\t\t\t\t\t\t\t\t\t\t\t\t\t\t\t<\/div>\n\t\t<\/div>\n\n\t<\/div>\n\n<\/div><div class=\"modula-item effect-pufrobo\" >\n\t<div class=\"modula-item-overlay\"><\/div>\n\n\t<div class=\"modula-item-content\">\n\n\t\t\t\t\n\t\t\t\t\t<a data-image-id=\"604\" role=\"button\" tabindex=\"0\" rel=\"jtg-601\" data-caption=\"\" aria-label=\"Open image in lightbox\" class=\"tile-inner modula-item-link\"><\/a>\n\t\t\n\t\t<img loading=\"lazy\" decoding=\"async\" class=\"pic wp-image-604\"  data-valign=\"middle\" data-halign=\"center\" alt=\"\" data-full=\"https:\/\/edisonresidence.com\/wp-content\/uploads\/2019\/04\/EdisonResidence-building.jpg\" title=\"EdisonResidence-building\" width=\"300\" height=\"200\" src=\"https:\/\/edisonresidence.com\/wp-content\/uploads\/2019\/04\/EdisonResidence-building-300x200.jpg\" data-src=\"https:\/\/edisonresidence.com\/wp-content\/uploads\/2019\/04\/EdisonResidence-building-300x200.jpg\" data-caption=\"\" srcset=\"https:\/\/edisonresidence.com\/wp-content\/uploads\/2019\/04\/EdisonResidence-building.jpg 1059w, https:\/\/edisonresidence.com\/wp-content\/uploads\/2019\/04\/EdisonResidence-building-300x200.jpg 300w, https:\/\/edisonresidence.com\/wp-content\/uploads\/2019\/04\/EdisonResidence-building-768x512.jpg 768w, https:\/\/edisonresidence.com\/wp-content\/uploads\/2019\/04\/EdisonResidence-building-1024x683.jpg 1024w\" sizes=\"auto, (max-width: 300px) 100vw, 300px\" \/>\n\t\t<div class=\"figc no-description\">\n\t\t\t<div class=\"figc-inner\">\n\t\t\t\t\t\t\t\t\t\t\t\t\t\t\t<\/div>\n\t\t<\/div>\n\n\t<\/div>\n\n<\/div><div class=\"modula-item effect-pufrobo\" >\n\t<div class=\"modula-item-overlay\"><\/div>\n\n\t<div class=\"modula-item-content\">\n\n\t\t\t\t\n\t\t\t\t\t<a data-image-id=\"606\" role=\"button\" tabindex=\"0\" rel=\"jtg-601\" data-caption=\"\" aria-label=\"Open image in lightbox\" class=\"tile-inner modula-item-link\"><\/a>\n\t\t\n\t\t<img loading=\"lazy\" decoding=\"async\" class=\"pic wp-image-606\"  data-valign=\"middle\" data-halign=\"center\" alt=\"\" data-full=\"https:\/\/edisonresidence.com\/wp-content\/uploads\/2019\/04\/EdisonResidence-Cafe.jpg\" title=\"EdisonResidence-Cafe\" width=\"300\" height=\"200\" src=\"https:\/\/edisonresidence.com\/wp-content\/uploads\/2019\/04\/EdisonResidence-Cafe-300x200.jpg\" data-src=\"https:\/\/edisonresidence.com\/wp-content\/uploads\/2019\/04\/EdisonResidence-Cafe-300x200.jpg\" data-caption=\"\" srcset=\"https:\/\/edisonresidence.com\/wp-content\/uploads\/2019\/04\/EdisonResidence-Cafe.jpg 1200w, https:\/\/edisonresidence.com\/wp-content\/uploads\/2019\/04\/EdisonResidence-Cafe-300x200.jpg 300w, https:\/\/edisonresidence.com\/wp-content\/uploads\/2019\/04\/EdisonResidence-Cafe-768x512.jpg 768w, https:\/\/edisonresidence.com\/wp-content\/uploads\/2019\/04\/EdisonResidence-Cafe-1024x683.jpg 1024w\" sizes=\"auto, (max-width: 300px) 100vw, 300px\" \/>\n\t\t<div class=\"figc no-description\">\n\t\t\t<div class=\"figc-inner\">\n\t\t\t\t\t\t\t\t\t\t\t\t\t\t\t<\/div>\n\t\t<\/div>\n\n\t<\/div>\n\n<\/div><div class=\"modula-item effect-pufrobo\" >\n\t<div class=\"modula-item-overlay\"><\/div>\n\n\t<div class=\"modula-item-content\">\n\n\t\t\t\t\n\t\t\t\t\t<a data-image-id=\"608\" role=\"button\" tabindex=\"0\" rel=\"jtg-601\" data-caption=\"\" aria-label=\"Open image in lightbox\" class=\"tile-inner modula-item-link\"><\/a>\n\t\t\n\t\t<img loading=\"lazy\" decoding=\"async\" class=\"pic wp-image-608\"  data-valign=\"middle\" data-halign=\"center\" alt=\"\" data-full=\"https:\/\/edisonresidence.com\/wp-content\/uploads\/2019\/04\/EdisonResidence-Francofolies.jpg\" title=\"EdisonResidence-Francofolies\" width=\"300\" height=\"199\" src=\"https:\/\/edisonresidence.com\/wp-content\/uploads\/2019\/04\/EdisonResidence-Francofolies-300x199.jpg\" data-src=\"https:\/\/edisonresidence.com\/wp-content\/uploads\/2019\/04\/EdisonResidence-Francofolies-300x199.jpg\" data-caption=\"\" srcset=\"https:\/\/edisonresidence.com\/wp-content\/uploads\/2019\/04\/EdisonResidence-Francofolies.jpg 1991w, https:\/\/edisonresidence.com\/wp-content\/uploads\/2019\/04\/EdisonResidence-Francofolies-300x199.jpg 300w, https:\/\/edisonresidence.com\/wp-content\/uploads\/2019\/04\/EdisonResidence-Francofolies-768x511.jpg 768w, https:\/\/edisonresidence.com\/wp-content\/uploads\/2019\/04\/EdisonResidence-Francofolies-1024x681.jpg 1024w\" sizes=\"auto, (max-width: 300px) 100vw, 300px\" \/>\n\t\t<div class=\"figc no-description\">\n\t\t\t<div class=\"figc-inner\">\n\t\t\t\t\t\t\t\t\t\t\t\t\t\t\t<\/div>\n\t\t<\/div>\n\n\t<\/div>\n\n<\/div><div class=\"modula-item effect-pufrobo\" >\n\t<div class=\"modula-item-overlay\"><\/div>\n\n\t<div class=\"modula-item-content\">\n\n\t\t\t\t\n\t\t\t\t\t<a data-image-id=\"610\" role=\"button\" tabindex=\"0\" rel=\"jtg-601\" data-caption=\"\" aria-label=\"Open image in lightbox\" class=\"tile-inner modula-item-link\"><\/a>\n\t\t\n\t\t<img loading=\"lazy\" decoding=\"async\" class=\"pic wp-image-610\"  data-valign=\"middle\" data-halign=\"center\" alt=\"\" data-full=\"https:\/\/edisonresidence.com\/wp-content\/uploads\/2019\/04\/EdisonResidence-Jacques-Cartier.jpg\" title=\"EdisonResidence-Jacques-Cartier\" width=\"300\" height=\"200\" src=\"https:\/\/edisonresidence.com\/wp-content\/uploads\/2019\/04\/EdisonResidence-Jacques-Cartier-300x200.jpg\" data-src=\"https:\/\/edisonresidence.com\/wp-content\/uploads\/2019\/04\/EdisonResidence-Jacques-Cartier-300x200.jpg\" data-caption=\"\" srcset=\"https:\/\/edisonresidence.com\/wp-content\/uploads\/2019\/04\/EdisonResidence-Jacques-Cartier.jpg 1296w, https:\/\/edisonresidence.com\/wp-content\/uploads\/2019\/04\/EdisonResidence-Jacques-Cartier-300x200.jpg 300w, https:\/\/edisonresidence.com\/wp-content\/uploads\/2019\/04\/EdisonResidence-Jacques-Cartier-768x512.jpg 768w, https:\/\/edisonresidence.com\/wp-content\/uploads\/2019\/04\/EdisonResidence-Jacques-Cartier-1024x683.jpg 1024w\" sizes=\"auto, (max-width: 300px) 100vw, 300px\" \/>\n\t\t<div class=\"figc no-description\">\n\t\t\t<div class=\"figc-inner\">\n\t\t\t\t\t\t\t\t\t\t\t\t\t\t\t<\/div>\n\t\t<\/div>\n\n\t<\/div>\n\n<\/div><div class=\"modula-item effect-pufrobo\" >\n\t<div class=\"modula-item-overlay\"><\/div>\n\n\t<div class=\"modula-item-content\">\n\n\t\t\t\t\n\t\t\t\t\t<a data-image-id=\"612\" role=\"button\" tabindex=\"0\" rel=\"jtg-601\" data-caption=\"\" aria-label=\"Open image in lightbox\" class=\"tile-inner modula-item-link\"><\/a>\n\t\t\n\t\t<img loading=\"lazy\" decoding=\"async\" class=\"pic wp-image-612\"  data-valign=\"middle\" data-halign=\"center\" alt=\"\" data-full=\"https:\/\/edisonresidence.com\/wp-content\/uploads\/2019\/04\/EdisonResidence-Montreal-Statue.jpg\" title=\"EdisonResidence-Montreal-Statue\" width=\"225\" height=\"300\" src=\"https:\/\/edisonresidence.com\/wp-content\/uploads\/2019\/04\/EdisonResidence-Montreal-Statue-225x300.jpg\" data-src=\"https:\/\/edisonresidence.com\/wp-content\/uploads\/2019\/04\/EdisonResidence-Montreal-Statue-225x300.jpg\" data-caption=\"\" srcset=\"https:\/\/edisonresidence.com\/wp-content\/uploads\/2019\/04\/EdisonResidence-Montreal-Statue.jpg 1440w, https:\/\/edisonresidence.com\/wp-content\/uploads\/2019\/04\/EdisonResidence-Montreal-Statue-225x300.jpg 225w, https:\/\/edisonresidence.com\/wp-content\/uploads\/2019\/04\/EdisonResidence-Montreal-Statue-768x1024.jpg 768w\" sizes=\"auto, (max-width: 225px) 100vw, 225px\" \/>\n\t\t<div class=\"figc no-description\">\n\t\t\t<div class=\"figc-inner\">\n\t\t\t\t\t\t\t\t\t\t\t\t\t\t\t<\/div>\n\t\t<\/div>\n\n\t<\/div>\n\n<\/div><div class=\"modula-item effect-pufrobo\" >\n\t<div class=\"modula-item-overlay\"><\/div>\n\n\t<div class=\"modula-item-content\">\n\n\t\t\t\t\n\t\t\t\t\t<a data-image-id=\"614\" role=\"button\" tabindex=\"0\" rel=\"jtg-601\" data-caption=\"\" aria-label=\"Open image in lightbox\" class=\"tile-inner modula-item-link\"><\/a>\n\t\t\n\t\t<img loading=\"lazy\" decoding=\"async\" class=\"pic wp-image-614\"  data-valign=\"middle\" data-halign=\"center\" alt=\"\" data-full=\"https:\/\/edisonresidence.com\/wp-content\/uploads\/2019\/04\/EdisonResidence-MontrealOld.jpg\" title=\"EdisonResidence-MontrealOld\" width=\"300\" height=\"165\" src=\"https:\/\/edisonresidence.com\/wp-content\/uploads\/2019\/04\/EdisonResidence-MontrealOld-300x165.jpg\" data-src=\"https:\/\/edisonresidence.com\/wp-content\/uploads\/2019\/04\/EdisonResidence-MontrealOld-300x165.jpg\" data-caption=\"\" srcset=\"https:\/\/edisonresidence.com\/wp-content\/uploads\/2019\/04\/EdisonResidence-MontrealOld.jpg 922w, https:\/\/edisonresidence.com\/wp-content\/uploads\/2019\/04\/EdisonResidence-MontrealOld-300x165.jpg 300w, https:\/\/edisonresidence.com\/wp-content\/uploads\/2019\/04\/EdisonResidence-MontrealOld-768x421.jpg 768w\" sizes=\"auto, (max-width: 300px) 100vw, 300px\" \/>\n\t\t<div class=\"figc no-description\">\n\t\t\t<div class=\"figc-inner\">\n\t\t\t\t\t\t\t\t\t\t\t\t\t\t\t<\/div>\n\t\t<\/div>\n\n\t<\/div>\n\n<\/div>\t\t\n\t<\/div>\n\n\t\n\t\n\t<script type=\"application\/ld+json\">\n\t{\n\t\t\"@context\": \"http:\/\/schema.org\",\n\t\t\"@type\"   : \"ImageGallery\",\n\t\t\"id\"      : \"https:\/\/edisonresidence.com\/fr\/summer\/\",\n\t\t\"url\"     : \"https:\/\/edisonresidence.com\/fr\/summer\/\"\n\t}\n\n\t<\/script>\n\n\t\n<\/div>\n\n    <\/div>\n<\/div>\n<!-- \/module text -->        <\/div>\n                        <\/div>\n        <\/div>\n        <\/div>\n<!--\/themify_builder_content-->","protected":false},"excerpt":{"rendered":"<p>H\u00e9bergement estival Pour la p\u00e9riode de mai \u00e0 ao\u00fbt, il est possible de s\u00e9journer dans notre r\u00e9sidence pour une dur\u00e9e minimale de 32 nuit\u00e9es cons\u00e9cutives sans avoir le statut d&rsquo;\u00e9tudiant. La r\u00e9sidence est tout pr\u00e8s du centre-ville et \u00e0 quelques minutes \u00e0 pied du m\u00e9tro. Outres ses chambres modernes et toutes \u00e9quip\u00e9es, c&rsquo;est en toute [&hellip;]<\/p>\n","protected":false},"author":1,"featured_media":0,"parent":0,"menu_order":0,"comment_status":"closed","ping_status":"closed","template":"","meta":{"footnotes":""},"class_list":["post-403","page","type-page","status-publish","hentry","has-post-title","has-post-date","has-post-category","has-post-tag","has-post-comment","has-post-author",""],"yoast_head":"<!-- This site is optimized with the Yoast SEO plugin v27.2 - https:\/\/yoast.com\/product\/yoast-seo-wordpress\/ -->\n<title>\u00c9t\u00e9 - R\u00e9sidence Edison<\/title>\n<meta name=\"robots\" content=\"index, follow, max-snippet:-1, max-image-preview:large, max-video-preview:-1\" \/>\n<link rel=\"canonical\" href=\"https:\/\/edisonresidence.com\/fr\/summer\/\" \/>\n<meta property=\"og:locale\" content=\"fr_FR\" \/>\n<meta property=\"og:type\" content=\"article\" \/>\n<meta property=\"og:title\" content=\"\u00c9t\u00e9 - R\u00e9sidence Edison\" \/>\n<meta property=\"og:description\" content=\"H\u00e9bergement estival Pour la p\u00e9riode de mai \u00e0 ao\u00fbt, il est possible de s\u00e9journer dans notre r\u00e9sidence pour une dur\u00e9e minimale de 32 nuit\u00e9es cons\u00e9cutives sans avoir le statut d&rsquo;\u00e9tudiant. La r\u00e9sidence est tout pr\u00e8s du centre-ville et \u00e0 quelques minutes \u00e0 pied du m\u00e9tro. Outres ses chambres modernes et toutes \u00e9quip\u00e9es, c&rsquo;est en toute [&hellip;]\" \/>\n<meta property=\"og:url\" content=\"https:\/\/edisonresidence.com\/fr\/summer\/\" \/>\n<meta property=\"og:site_name\" content=\"R\u00e9sidence Edison\" \/>\n<meta property=\"article:publisher\" content=\"https:\/\/www.facebook.com\/edisonresidence\/\" \/>\n<meta property=\"article:modified_time\" content=\"2022-10-20T00:32:43+00:00\" \/>\n<meta name=\"twitter:card\" content=\"summary_large_image\" \/>\n<script type=\"application\/ld+json\" class=\"yoast-schema-graph\">{\"@context\":\"https:\/\/schema.org\",\"@graph\":[{\"@type\":\"WebPage\",\"@id\":\"https:\/\/edisonresidence.com\/fr\/summer\/\",\"url\":\"https:\/\/edisonresidence.com\/fr\/summer\/\",\"name\":\"\u00c9t\u00e9 - R\u00e9sidence Edison\",\"isPartOf\":{\"@id\":\"https:\/\/edisonresidence.com\/fr\/#website\"},\"datePublished\":\"2019-02-19T07:30:53+00:00\",\"dateModified\":\"2022-10-20T00:32:43+00:00\",\"breadcrumb\":{\"@id\":\"https:\/\/edisonresidence.com\/fr\/summer\/#breadcrumb\"},\"inLanguage\":\"fr-FR\",\"potentialAction\":[{\"@type\":\"ReadAction\",\"target\":[\"https:\/\/edisonresidence.com\/fr\/summer\/\"]}]},{\"@type\":\"BreadcrumbList\",\"@id\":\"https:\/\/edisonresidence.com\/fr\/summer\/#breadcrumb\",\"itemListElement\":[{\"@type\":\"ListItem\",\"position\":1,\"name\":\"Home\",\"item\":\"https:\/\/edisonresidence.com\/fr\/\"},{\"@type\":\"ListItem\",\"position\":2,\"name\":\"\u00c9t\u00e9\"}]},{\"@type\":\"WebSite\",\"@id\":\"https:\/\/edisonresidence.com\/fr\/#website\",\"url\":\"https:\/\/edisonresidence.com\/fr\/\",\"name\":\"Edison Residence\",\"description\":\"\",\"potentialAction\":[{\"@type\":\"SearchAction\",\"target\":{\"@type\":\"EntryPoint\",\"urlTemplate\":\"https:\/\/edisonresidence.com\/fr\/?s={search_term_string}\"},\"query-input\":{\"@type\":\"PropertyValueSpecification\",\"valueRequired\":true,\"valueName\":\"search_term_string\"}}],\"inLanguage\":\"fr-FR\"}]}<\/script>\n<!-- \/ Yoast SEO plugin. -->","yoast_head_json":{"title":"\u00c9t\u00e9 - R\u00e9sidence Edison","robots":{"index":"index","follow":"follow","max-snippet":"max-snippet:-1","max-image-preview":"max-image-preview:large","max-video-preview":"max-video-preview:-1"},"canonical":"https:\/\/edisonresidence.com\/fr\/summer\/","og_locale":"fr_FR","og_type":"article","og_title":"\u00c9t\u00e9 - R\u00e9sidence Edison","og_description":"H\u00e9bergement estival Pour la p\u00e9riode de mai \u00e0 ao\u00fbt, il est possible de s\u00e9journer dans notre r\u00e9sidence pour une dur\u00e9e minimale de 32 nuit\u00e9es cons\u00e9cutives sans avoir le statut d&rsquo;\u00e9tudiant. La r\u00e9sidence est tout pr\u00e8s du centre-ville et \u00e0 quelques minutes \u00e0 pied du m\u00e9tro. Outres ses chambres modernes et toutes \u00e9quip\u00e9es, c&rsquo;est en toute [&hellip;]","og_url":"https:\/\/edisonresidence.com\/fr\/summer\/","og_site_name":"R\u00e9sidence Edison","article_publisher":"https:\/\/www.facebook.com\/edisonresidence\/","article_modified_time":"2022-10-20T00:32:43+00:00","twitter_card":"summary_large_image","schema":{"@context":"https:\/\/schema.org","@graph":[{"@type":"WebPage","@id":"https:\/\/edisonresidence.com\/fr\/summer\/","url":"https:\/\/edisonresidence.com\/fr\/summer\/","name":"\u00c9t\u00e9 - R\u00e9sidence Edison","isPartOf":{"@id":"https:\/\/edisonresidence.com\/fr\/#website"},"datePublished":"2019-02-19T07:30:53+00:00","dateModified":"2022-10-20T00:32:43+00:00","breadcrumb":{"@id":"https:\/\/edisonresidence.com\/fr\/summer\/#breadcrumb"},"inLanguage":"fr-FR","potentialAction":[{"@type":"ReadAction","target":["https:\/\/edisonresidence.com\/fr\/summer\/"]}]},{"@type":"BreadcrumbList","@id":"https:\/\/edisonresidence.com\/fr\/summer\/#breadcrumb","itemListElement":[{"@type":"ListItem","position":1,"name":"Home","item":"https:\/\/edisonresidence.com\/fr\/"},{"@type":"ListItem","position":2,"name":"\u00c9t\u00e9"}]},{"@type":"WebSite","@id":"https:\/\/edisonresidence.com\/fr\/#website","url":"https:\/\/edisonresidence.com\/fr\/","name":"Edison Residence","description":"","potentialAction":[{"@type":"SearchAction","target":{"@type":"EntryPoint","urlTemplate":"https:\/\/edisonresidence.com\/fr\/?s={search_term_string}"},"query-input":{"@type":"PropertyValueSpecification","valueRequired":true,"valueName":"search_term_string"}}],"inLanguage":"fr-FR"}]}},"builder_content":"<h1><strong>H\u00e9bergement estival<\/strong><\/h1> <p>Pour la p\u00e9riode de mai \u00e0 ao\u00fbt, il est possible de s\u00e9journer dans notre r\u00e9sidence pour une dur\u00e9e minimale de 32 nuit\u00e9es cons\u00e9cutives sans avoir le statut d'\u00e9tudiant.<\/p> <p>La r\u00e9sidence est tout pr\u00e8s du centre-ville et \u00e0 quelques minutes \u00e0 pied du m\u00e9tro. Outres ses chambres modernes et toutes \u00e9quip\u00e9es, c'est en toute s\u00e9curit\u00e9 que vous pourrez circuler dans les environs, \u00e0 proximit\u00e9 des attractions de la belle ville de Montr\u00e9al.<\/p>\n\n<p>[modula id=\"601\"]<\/p>","_links":{"self":[{"href":"https:\/\/edisonresidence.com\/fr\/wp-json\/wp\/v2\/pages\/403","targetHints":{"allow":["GET"]}}],"collection":[{"href":"https:\/\/edisonresidence.com\/fr\/wp-json\/wp\/v2\/pages"}],"about":[{"href":"https:\/\/edisonresidence.com\/fr\/wp-json\/wp\/v2\/types\/page"}],"author":[{"embeddable":true,"href":"https:\/\/edisonresidence.com\/fr\/wp-json\/wp\/v2\/users\/1"}],"replies":[{"embeddable":true,"href":"https:\/\/edisonresidence.com\/fr\/wp-json\/wp\/v2\/comments?post=403"}],"version-history":[{"count":18,"href":"https:\/\/edisonresidence.com\/fr\/wp-json\/wp\/v2\/pages\/403\/revisions"}],"predecessor-version":[{"id":1044,"href":"https:\/\/edisonresidence.com\/fr\/wp-json\/wp\/v2\/pages\/403\/revisions\/1044"}],"wp:attachment":[{"href":"https:\/\/edisonresidence.com\/fr\/wp-json\/wp\/v2\/media?parent=403"}],"curies":[{"name":"wp","href":"https:\/\/api.w.org\/{rel}","templated":true}]}}