{"id":413,"date":"2019-02-13T22:39:58","date_gmt":"2019-02-13T22:39:58","guid":{"rendered":"http:\/\/box5530.temp.domains\/~edisonr3\/reservation\/"},"modified":"2022-10-19T20:30:42","modified_gmt":"2022-10-20T00:30:42","slug":"reservation","status":"publish","type":"page","link":"https:\/\/edisonresidence.com\/fr\/reservation\/","title":{"rendered":"R\u00e9servation"},"content":{"rendered":"<!--themify_builder_content-->\n<div id=\"themify_builder_content-413\" data-postid=\"413\" class=\"themify_builder_content themify_builder_content-413 themify_builder tf_clear\">\n                    <div  data-lazy=\"1\" class=\"module_row themify_builder_row tb_c982221 tb_first tf_w\">\n                        <div class=\"row_inner col_align_top tb_col_count_1 tf_box tf_rel\">\n                        <div  data-lazy=\"1\" class=\"module_column tb-column col-full tb_b4feb45 first\">\n                    <!-- module text -->\n<div  class=\"module module-text tb_56b7548  repeat \" data-lazy=\"1\">\n        <div  class=\"tb_text_wrap\">\n        <h1>R\u00e9servez votre chambre maintenant !<\/h1>\n<p>Merci de votre int\u00e9r\u00eat pour la R\u00e9sidence Edison.<\/p>\n<p>Pour toutes demandes de r\u00e9servation, nous vous invitons \u00e0 nous contacter via le formulaire ci-dessous.<\/p>\n<p>Nous vous r\u00e9pondrons dans les plus brefs d\u00e9lais.<\/p>\n<p><strong>Important :<\/strong> Vous devez avoir un statut \u00e9tudiant pour obtenir une chambre \u00e0 la R\u00e9sidence Edison du 1er septembre \u00e0 la fin du mois d&rsquo;avril subs\u00e9quent, mais pas n\u00e9cessairement pendant la p\u00e9riode estivale s&rsquo;\u00e9talant du mois de mai \u00e0 ao\u00fbt.<\/p>    <\/div>\n<\/div>\n<!-- \/module text -->        <\/div>\n                        <\/div>\n        <\/div>\n                        <div  data-lazy=\"1\" class=\"module_row themify_builder_row tb_40c3630 tf_w\">\n                        <div class=\"row_inner col_align_top tb_col_count_1 tf_box tf_rel\">\n                        <div  data-lazy=\"1\" class=\"module_column tb-column col-full tb_3dc33eb first\">\n                    <!-- module divider -->\n<div  class=\"module tf_mw module-divider tb_818db96 solid   \" style=\"border-width: 3px;border-color: #cccccc;margin-top: 24px;margin-bottom: 23px;\" data-lazy=\"1\">\n    <\/div>\n<!-- \/module divider -->\n        <\/div>\n                        <\/div>\n        <\/div>\n                        <div  data-lazy=\"1\" class=\"module_row themify_builder_row tb_08c6672 tf_w\">\n                        <div class=\"row_inner col_align_top tb_col_count_1 tf_box tf_rel\">\n                        <div  data-lazy=\"1\" class=\"module_column tb-column col-full tb_e696b93 first\">\n                    <!-- module text -->\n<div  class=\"module module-text tb_5e650e3  repeat \" data-lazy=\"1\">\n        <div  class=\"tb_text_wrap\">\n        <div class=\"wpforms-container wpforms-container-full\" id=\"wpforms-418\"><form id=\"wpforms-form-418\" class=\"wpforms-validate wpforms-form\" data-formid=\"418\" method=\"post\" enctype=\"multipart\/form-data\" action=\"\/fr\/wp-json\/wp\/v2\/pages\/413\" data-token=\"820e40e501ceb7b6f5951376b0e3c960\" data-token-time=\"1776995622\"><noscript class=\"wpforms-error-noscript\">Veuillez activer JavaScript dans votre navigateur pour remplir ce formulaire.<\/noscript><div class=\"wpforms-field-container\"><div id=\"wpforms-418-field_0-container\" class=\"wpforms-field wpforms-field-name\" data-field-id=\"0\"><label class=\"wpforms-field-label\" for=\"wpforms-418-field_0\">Nom <span class=\"wpforms-required-label\">*<\/span><\/label><input type=\"text\" id=\"wpforms-418-field_0\" class=\"wpforms-field-medium wpforms-field-required\" name=\"wpforms[fields][0]\" required><\/div><div id=\"wpforms-418-field_1-container\" class=\"wpforms-field wpforms-field-email\" data-field-id=\"1\"><label class=\"wpforms-field-label\" for=\"wpforms-418-field_1\">Courriel <span class=\"wpforms-required-label\">*<\/span><\/label><input type=\"email\" id=\"wpforms-418-field_1\" class=\"wpforms-field-medium wpforms-field-required\" name=\"wpforms[fields][1]\" spellcheck=\"false\" required><\/div><div id=\"wpforms-418-field_3-container\" class=\"wpforms-field wpforms-field-select\" data-field-id=\"3\"><label class=\"wpforms-field-label\" for=\"wpforms-418-field_3\">Chambres <span class=\"wpforms-required-label\">*<\/span><\/label><select id=\"wpforms-418-field_3\" class=\"wpforms-field-medium wpforms-field-required\" name=\"wpforms[fields][3]\" required=\"required\"><option value=\"Type A - Simple Basse\"  class=\"choice-1 depth-1\"  >Type A - Simple Basse<\/option><option value=\"Type B - Simple Haute\"  class=\"choice-2 depth-1\"  >Type B - Simple Haute<\/option><option value=\"Type C - Grande Simple\"  class=\"choice-3 depth-1\"  >Type C - Grande Simple<\/option><\/select><\/div><div id=\"wpforms-418-field_5-container\" class=\"wpforms-field wpforms-field-text\" data-field-id=\"5\"><label class=\"wpforms-field-label\" for=\"wpforms-418-field_5\">Date d&#039;arriv\u00e9e envisag\u00e9e<\/label><input type=\"text\" id=\"wpforms-418-field_5\" class=\"wpforms-field-small\" name=\"wpforms[fields][5]\" placeholder=\"MM-JJ-AAAA\" ><div class=\"wpforms-field-description\">Mois \/ Jour \/ Ann\u00e9e<\/div><\/div><div id=\"wpforms-418-field_7-container\" class=\"wpforms-field wpforms-field-select\" data-field-id=\"7\"><label class=\"wpforms-field-label\" for=\"wpforms-418-field_7\">Dur\u00e9e du bail<\/label><select id=\"wpforms-418-field_7\" class=\"wpforms-field-small\" name=\"wpforms[fields][7]\"><option value=\"Ann\u00e9e compl\u00e8te (12 mois)\"  class=\"choice-3 depth-1\"  >Ann\u00e9e compl\u00e8te (12 mois)<\/option><option value=\"Automne &amp; Hiver (8 mois)\"  class=\"choice-2 depth-1\"  >Automne &amp; Hiver (8 mois)<\/option><option value=\"\u00c9t\u00e9 (4 mois maximum)\"  class=\"choice-1 depth-1\"  >\u00c9t\u00e9 (4 mois maximum)<\/option><\/select><\/div><div id=\"wpforms-418-field_8-container\" class=\"wpforms-field wpforms-field-textarea\" data-field-id=\"8\"><label class=\"wpforms-field-label\" for=\"wpforms-418-field_8\">Message <span class=\"wpforms-required-label\">*<\/span><\/label><textarea id=\"wpforms-418-field_8\" class=\"wpforms-field-medium wpforms-field-required\" name=\"wpforms[fields][8]\" required><\/textarea><\/div><\/div><!-- .wpforms-field-container --><div class=\"wpforms-field wpforms-field-hp\"><label for=\"wpforms-418-field-hp\" class=\"wpforms-field-label\">Comment<\/label><input type=\"text\" name=\"wpforms[hp]\" id=\"wpforms-418-field-hp\" class=\"wpforms-field-medium\"><\/div><div class=\"wpforms-submit-container\" ><input type=\"hidden\" name=\"wpforms[id]\" value=\"418\"><input type=\"hidden\" name=\"page_title\" value=\"\"><input type=\"hidden\" name=\"page_url\" value=\"https:\/\/edisonresidence.com\/fr\/wp-json\/wp\/v2\/pages\/413\"><input type=\"hidden\" name=\"url_referer\" value=\"\"><button type=\"submit\" name=\"wpforms[submit]\" id=\"wpforms-submit-418\" class=\"wpforms-submit\" data-alt-text=\"Envoi...\" data-submit-text=\"ENVOYER\" aria-live=\"assertive\" value=\"wpforms-submit\">ENVOYER<\/button><\/div><\/form><\/div>  <!-- .wpforms-container -->    <\/div>\n<\/div>\n<!-- \/module text -->        <\/div>\n                        <\/div>\n        <\/div>\n        <\/div>\n<!--\/themify_builder_content-->","protected":false},"excerpt":{"rendered":"<p>R\u00e9servez votre chambre maintenant ! Merci de votre int\u00e9r\u00eat pour la R\u00e9sidence Edison. Pour toutes demandes de r\u00e9servation, nous vous invitons \u00e0 nous contacter via le formulaire ci-dessous. Nous vous r\u00e9pondrons dans les plus brefs d\u00e9lais. Important : Vous devez avoir un statut \u00e9tudiant pour obtenir une chambre \u00e0 la R\u00e9sidence Edison du 1er septembre [&hellip;]<\/p>\n","protected":false},"author":1,"featured_media":0,"parent":0,"menu_order":0,"comment_status":"closed","ping_status":"closed","template":"","meta":{"footnotes":""},"class_list":["post-413","page","type-page","status-publish","hentry","has-post-title","has-post-date","has-post-category","has-post-tag","has-post-comment","has-post-author",""],"yoast_head":"<!-- This site is optimized with the Yoast SEO plugin v27.2 - https:\/\/yoast.com\/product\/yoast-seo-wordpress\/ -->\n<title>R\u00e9servation - R\u00e9sidence Edison<\/title>\n<meta name=\"robots\" content=\"index, follow, max-snippet:-1, max-image-preview:large, max-video-preview:-1\" \/>\n<link rel=\"canonical\" href=\"https:\/\/edisonresidence.com\/fr\/reservation\/\" \/>\n<meta property=\"og:locale\" content=\"fr_FR\" \/>\n<meta property=\"og:type\" content=\"article\" \/>\n<meta property=\"og:title\" content=\"R\u00e9servation - R\u00e9sidence Edison\" \/>\n<meta property=\"og:description\" content=\"R\u00e9servez votre chambre maintenant ! Merci de votre int\u00e9r\u00eat pour la R\u00e9sidence Edison. Pour toutes demandes de r\u00e9servation, nous vous invitons \u00e0 nous contacter via le formulaire ci-dessous. Nous vous r\u00e9pondrons dans les plus brefs d\u00e9lais. Important : Vous devez avoir un statut \u00e9tudiant pour obtenir une chambre \u00e0 la R\u00e9sidence Edison du 1er septembre [&hellip;]\" \/>\n<meta property=\"og:url\" content=\"https:\/\/edisonresidence.com\/fr\/reservation\/\" \/>\n<meta property=\"og:site_name\" content=\"R\u00e9sidence Edison\" \/>\n<meta property=\"article:publisher\" content=\"https:\/\/www.facebook.com\/edisonresidence\/\" \/>\n<meta property=\"article:modified_time\" content=\"2022-10-20T00:30:42+00:00\" \/>\n<meta name=\"twitter:card\" content=\"summary_large_image\" \/>\n<script type=\"application\/ld+json\" class=\"yoast-schema-graph\">{\"@context\":\"https:\/\/schema.org\",\"@graph\":[{\"@type\":\"WebPage\",\"@id\":\"https:\/\/edisonresidence.com\/fr\/reservation\/\",\"url\":\"https:\/\/edisonresidence.com\/fr\/reservation\/\",\"name\":\"R\u00e9servation - R\u00e9sidence Edison\",\"isPartOf\":{\"@id\":\"https:\/\/edisonresidence.com\/fr\/#website\"},\"datePublished\":\"2019-02-13T22:39:58+00:00\",\"dateModified\":\"2022-10-20T00:30:42+00:00\",\"breadcrumb\":{\"@id\":\"https:\/\/edisonresidence.com\/fr\/reservation\/#breadcrumb\"},\"inLanguage\":\"fr-FR\",\"potentialAction\":[{\"@type\":\"ReadAction\",\"target\":[\"https:\/\/edisonresidence.com\/fr\/reservation\/\"]}]},{\"@type\":\"BreadcrumbList\",\"@id\":\"https:\/\/edisonresidence.com\/fr\/reservation\/#breadcrumb\",\"itemListElement\":[{\"@type\":\"ListItem\",\"position\":1,\"name\":\"Home\",\"item\":\"https:\/\/edisonresidence.com\/fr\/\"},{\"@type\":\"ListItem\",\"position\":2,\"name\":\"R\u00e9servation\"}]},{\"@type\":\"WebSite\",\"@id\":\"https:\/\/edisonresidence.com\/fr\/#website\",\"url\":\"https:\/\/edisonresidence.com\/fr\/\",\"name\":\"Edison Residence\",\"description\":\"\",\"potentialAction\":[{\"@type\":\"SearchAction\",\"target\":{\"@type\":\"EntryPoint\",\"urlTemplate\":\"https:\/\/edisonresidence.com\/fr\/?s={search_term_string}\"},\"query-input\":{\"@type\":\"PropertyValueSpecification\",\"valueRequired\":true,\"valueName\":\"search_term_string\"}}],\"inLanguage\":\"fr-FR\"}]}<\/script>\n<!-- \/ Yoast SEO plugin. -->","yoast_head_json":{"title":"R\u00e9servation - R\u00e9sidence Edison","robots":{"index":"index","follow":"follow","max-snippet":"max-snippet:-1","max-image-preview":"max-image-preview:large","max-video-preview":"max-video-preview:-1"},"canonical":"https:\/\/edisonresidence.com\/fr\/reservation\/","og_locale":"fr_FR","og_type":"article","og_title":"R\u00e9servation - R\u00e9sidence Edison","og_description":"R\u00e9servez votre chambre maintenant ! Merci de votre int\u00e9r\u00eat pour la R\u00e9sidence Edison. Pour toutes demandes de r\u00e9servation, nous vous invitons \u00e0 nous contacter via le formulaire ci-dessous. Nous vous r\u00e9pondrons dans les plus brefs d\u00e9lais. Important : Vous devez avoir un statut \u00e9tudiant pour obtenir une chambre \u00e0 la R\u00e9sidence Edison du 1er septembre [&hellip;]","og_url":"https:\/\/edisonresidence.com\/fr\/reservation\/","og_site_name":"R\u00e9sidence Edison","article_publisher":"https:\/\/www.facebook.com\/edisonresidence\/","article_modified_time":"2022-10-20T00:30:42+00:00","twitter_card":"summary_large_image","schema":{"@context":"https:\/\/schema.org","@graph":[{"@type":"WebPage","@id":"https:\/\/edisonresidence.com\/fr\/reservation\/","url":"https:\/\/edisonresidence.com\/fr\/reservation\/","name":"R\u00e9servation - R\u00e9sidence Edison","isPartOf":{"@id":"https:\/\/edisonresidence.com\/fr\/#website"},"datePublished":"2019-02-13T22:39:58+00:00","dateModified":"2022-10-20T00:30:42+00:00","breadcrumb":{"@id":"https:\/\/edisonresidence.com\/fr\/reservation\/#breadcrumb"},"inLanguage":"fr-FR","potentialAction":[{"@type":"ReadAction","target":["https:\/\/edisonresidence.com\/fr\/reservation\/"]}]},{"@type":"BreadcrumbList","@id":"https:\/\/edisonresidence.com\/fr\/reservation\/#breadcrumb","itemListElement":[{"@type":"ListItem","position":1,"name":"Home","item":"https:\/\/edisonresidence.com\/fr\/"},{"@type":"ListItem","position":2,"name":"R\u00e9servation"}]},{"@type":"WebSite","@id":"https:\/\/edisonresidence.com\/fr\/#website","url":"https:\/\/edisonresidence.com\/fr\/","name":"Edison Residence","description":"","potentialAction":[{"@type":"SearchAction","target":{"@type":"EntryPoint","urlTemplate":"https:\/\/edisonresidence.com\/fr\/?s={search_term_string}"},"query-input":{"@type":"PropertyValueSpecification","valueRequired":true,"valueName":"search_term_string"}}],"inLanguage":"fr-FR"}]}},"builder_content":"<h1>R\u00e9servez votre chambre maintenant !<\/h1> <p>Merci de votre int\u00e9r\u00eat pour la R\u00e9sidence Edison.<\/p> <p>Pour toutes demandes de r\u00e9servation, nous vous invitons \u00e0 nous contacter via le formulaire ci-dessous.<\/p> <p>Nous vous r\u00e9pondrons dans les plus brefs d\u00e9lais.<\/p> <p><strong>Important :<\/strong> Vous devez avoir un statut \u00e9tudiant pour obtenir une chambre \u00e0 la R\u00e9sidence Edison du 1er septembre \u00e0 la fin du mois d'avril subs\u00e9quent, mais pas n\u00e9cessairement pendant la p\u00e9riode estivale s'\u00e9talant du mois de mai \u00e0 ao\u00fbt.<\/p>\n\n<p>[wpforms id=\"418\"]<\/p>","_links":{"self":[{"href":"https:\/\/edisonresidence.com\/fr\/wp-json\/wp\/v2\/pages\/413","targetHints":{"allow":["GET"]}}],"collection":[{"href":"https:\/\/edisonresidence.com\/fr\/wp-json\/wp\/v2\/pages"}],"about":[{"href":"https:\/\/edisonresidence.com\/fr\/wp-json\/wp\/v2\/types\/page"}],"author":[{"embeddable":true,"href":"https:\/\/edisonresidence.com\/fr\/wp-json\/wp\/v2\/users\/1"}],"replies":[{"embeddable":true,"href":"https:\/\/edisonresidence.com\/fr\/wp-json\/wp\/v2\/comments?post=413"}],"version-history":[{"count":6,"href":"https:\/\/edisonresidence.com\/fr\/wp-json\/wp\/v2\/pages\/413\/revisions"}],"predecessor-version":[{"id":1043,"href":"https:\/\/edisonresidence.com\/fr\/wp-json\/wp\/v2\/pages\/413\/revisions\/1043"}],"wp:attachment":[{"href":"https:\/\/edisonresidence.com\/fr\/wp-json\/wp\/v2\/media?parent=413"}],"curies":[{"name":"wp","href":"https:\/\/api.w.org\/{rel}","templated":true}]}}