{"id":468,"date":"2019-03-21T14:48:04","date_gmt":"2019-03-21T14:48:04","guid":{"rendered":"http:\/\/box5530.temp.domains\/~edisonr3\/guest-sign-in\/"},"modified":"2022-10-27T23:40:09","modified_gmt":"2022-10-28T03:40:09","slug":"guest-sign-in","status":"publish","type":"page","link":"https:\/\/edisonresidence.com\/fr\/guest-sign-in\/","title":{"rendered":"Enregistrement invit\u00e9(s)"},"content":{"rendered":"<!--themify_builder_content-->\n<div id=\"themify_builder_content-468\" data-postid=\"468\" class=\"themify_builder_content themify_builder_content-468 themify_builder tf_clear\">\n                    <div  data-lazy=\"1\" class=\"module_row themify_builder_row tb_c982221 tb_first tf_w\">\n                        <div class=\"row_inner col_align_top tb_col_count_1 tf_box tf_rel\">\n                        <div  data-lazy=\"1\" class=\"module_column tb-column col-full tb_b4feb45 first\">\n                    <!-- module text -->\n<div  class=\"module module-text tb_56b7548  repeat \" data-lazy=\"1\">\n        <div  class=\"tb_text_wrap\">\n        <h1>Enregistrement invit\u00e9(s)<\/h1>\n<p>Il est possible d\u2019accueillir un maximum de cinq (5) invit\u00e9s \u00e0 la R\u00e9sidence Edison.\u00a0 Les r\u00e9sidents sont responsables des actes de leurs invit\u00e9s. Un seul invit\u00e9 peut dormir dans la chambre du r\u00e9sident pour un maximum de deux (2) nuit\u00e9es cons\u00e9cutives et pour un total de sept nuits sur un trimestre scolaire. Le r\u00e9sident doit obtenir le consentement de son colocataire pour toute question en rapport avec la venue de ses invit\u00e9s. Les invit\u00e9s ne sont pas autoris\u00e9s \u00e0 dormir dans les espaces communs.<\/p>\n<p>\u00a0Le R\u00e9sidence Edison est une r\u00e9sidence priv\u00e9e, \u00e0 l&rsquo;usage exclusif des r\u00e9sidents qui ont conclu une entente contractuelle. Un invit\u00e9 est un privil\u00e8ge qui peut \u00eatre r\u00e9voqu\u00e9 pour d\u00e9faut de se conformer \u00e0 la politique du logement. Le r\u00e9sident doit enregistrer ses visiteurs en remplissant sa demande d\u2019invit\u00e9 en ligne.<\/p>\n<p>Chaque r\u00e9sident aura un code d&rsquo;interphone pour recevoir ses visiteurs. Chaque chambre est \u00e9quip\u00e9e d&rsquo;un interphone ainsi lorsque votre visiteur arrive, il appelle votre chambre et vous pouvez lui donner acc\u00e8s au b\u00e2timent par le biais de l\u2019interphone.\u00a0 Assurez-vous de l\u2019identit\u00e9 de votre visiteur avant de lui permettre l\u2019acc\u00e8s \u00e0 la r\u00e9sidence.<\/p>    <\/div>\n<\/div>\n<!-- \/module text -->        <\/div>\n                        <\/div>\n        <\/div>\n                        <div  data-lazy=\"1\" class=\"module_row themify_builder_row tb_40c3630 tf_w\">\n                        <div class=\"row_inner col_align_top tb_col_count_1 tf_box tf_rel\">\n                        <div  data-lazy=\"1\" class=\"module_column tb-column col-full tb_3dc33eb first\">\n                    <!-- module divider -->\n<div  class=\"module tf_mw module-divider tb_818db96 solid   \" style=\"border-width: 3px;border-color: #cccccc;margin-top: 24px;margin-bottom: 23px;\" data-lazy=\"1\">\n    <\/div>\n<!-- \/module divider -->\n        <\/div>\n                        <\/div>\n        <\/div>\n                        <div  data-lazy=\"1\" class=\"module_row themify_builder_row tb_08c6672 tf_w\">\n                        <div class=\"row_inner col_align_top tb_col_count_1 tf_box tf_rel\">\n                        <div  data-lazy=\"1\" class=\"module_column tb-column col-full tb_e696b93 first\">\n                    <!-- module text -->\n<div  class=\"module module-text tb_5e650e3  repeat \" data-lazy=\"1\">\n        <div  class=\"tb_text_wrap\">\n        <div class=\"wpforms-container wpforms-container-full\" id=\"wpforms-472\"><form id=\"wpforms-form-472\" class=\"wpforms-validate wpforms-form\" data-formid=\"472\" method=\"post\" enctype=\"multipart\/form-data\" action=\"\/fr\/wp-json\/wp\/v2\/pages\/468\" data-token=\"78c178760283de22fddaa917c2a90277\" data-token-time=\"1776999285\"><noscript class=\"wpforms-error-noscript\">Veuillez activer JavaScript dans votre navigateur pour remplir ce formulaire.<\/noscript><div class=\"wpforms-field-container\"><div id=\"wpforms-472-field_1-container\" class=\"wpforms-field wpforms-field-number\" data-field-id=\"1\"><label class=\"wpforms-field-label\" for=\"wpforms-472-field_1\">No de chambre <span class=\"wpforms-required-label\">*<\/span><\/label><input type=\"number\" id=\"wpforms-472-field_1\" class=\"wpforms-field-small wpforms-field-required\" name=\"wpforms[fields][1]\" step=\"any\" required><\/div><div id=\"wpforms-472-field_2-container\" class=\"wpforms-field wpforms-field-text\" data-field-id=\"2\"><label class=\"wpforms-field-label\" for=\"wpforms-472-field_2\">Nom du r\u00e9sident <span class=\"wpforms-required-label\">*<\/span><\/label><input type=\"text\" id=\"wpforms-472-field_2\" class=\"wpforms-field-medium wpforms-field-required\" name=\"wpforms[fields][2]\" required><\/div><div id=\"wpforms-472-field_3-container\" class=\"wpforms-field wpforms-field-text\" data-field-id=\"3\"><label class=\"wpforms-field-label\" for=\"wpforms-472-field_3\">Date <span class=\"wpforms-required-label\">*<\/span><\/label><input type=\"text\" id=\"wpforms-472-field_3\" class=\"wpforms-field-small wpforms-field-required\" name=\"wpforms[fields][3]\" placeholder=\"MM \/ JJ \/ AA\" required><div class=\"wpforms-field-description\">Mois \/ Jour \/ Ann\u00e9e<\/div><\/div><div id=\"wpforms-472-field_4-container\" class=\"wpforms-field wpforms-field-name\" data-field-id=\"4\"><label class=\"wpforms-field-label\" for=\"wpforms-472-field_4\">Nom invit\u00e9 1<\/label><input type=\"text\" id=\"wpforms-472-field_4\" class=\"wpforms-field-medium\" name=\"wpforms[fields][4]\" ><\/div><div id=\"wpforms-472-field_5-container\" class=\"wpforms-field wpforms-field-name\" data-field-id=\"5\"><label class=\"wpforms-field-label\" for=\"wpforms-472-field_5\">Nom invit\u00e9 2<\/label><input type=\"text\" id=\"wpforms-472-field_5\" class=\"wpforms-field-medium\" name=\"wpforms[fields][5]\" ><\/div><div id=\"wpforms-472-field_6-container\" class=\"wpforms-field wpforms-field-name\" data-field-id=\"6\"><label class=\"wpforms-field-label\" for=\"wpforms-472-field_6\">Nom invit\u00e9 1<\/label><input type=\"text\" id=\"wpforms-472-field_6\" class=\"wpforms-field-medium\" name=\"wpforms[fields][6]\" ><\/div><div id=\"wpforms-472-field_7-container\" class=\"wpforms-field wpforms-field-name\" data-field-id=\"7\"><label class=\"wpforms-field-label\" for=\"wpforms-472-field_7\">Nom invit\u00e9 4<\/label><input type=\"text\" id=\"wpforms-472-field_7\" class=\"wpforms-field-medium\" name=\"wpforms[fields][7]\" ><\/div><div id=\"wpforms-472-field_8-container\" class=\"wpforms-field wpforms-field-name\" data-field-id=\"8\"><label class=\"wpforms-field-label\" for=\"wpforms-472-field_8\">Nom invit\u00e9 5<\/label><input type=\"text\" id=\"wpforms-472-field_8\" class=\"wpforms-field-medium\" name=\"wpforms[fields][8]\" ><\/div><div id=\"wpforms-472-field_9-container\" class=\"wpforms-field wpforms-field-name\" data-field-id=\"9\"><label class=\"wpforms-field-label\" for=\"wpforms-472-field_9\">Nom de la personne invit\u00e9e pour la nuit<\/label><input type=\"text\" id=\"wpforms-472-field_9\" class=\"wpforms-field-medium\" name=\"wpforms[fields][9]\" ><div class=\"wpforms-field-description\">Un seul invit\u00e9 peut dormir dans la chambre du r\u00e9sident pour un maximum de deux (2) nuit\u00e9es cons\u00e9cutives et pour un total de sept nuits sur un trimestre scolaire.<\/div><\/div><\/div><!-- .wpforms-field-container --><div class=\"wpforms-field wpforms-field-hp\"><label for=\"wpforms-472-field-hp\" class=\"wpforms-field-label\">Website<\/label><input type=\"text\" name=\"wpforms[hp]\" id=\"wpforms-472-field-hp\" class=\"wpforms-field-medium\"><\/div><div class=\"wpforms-submit-container\" ><input type=\"hidden\" name=\"wpforms[id]\" value=\"472\"><input type=\"hidden\" name=\"page_title\" value=\"\"><input type=\"hidden\" name=\"page_url\" value=\"https:\/\/edisonresidence.com\/fr\/wp-json\/wp\/v2\/pages\/468\"><input type=\"hidden\" name=\"url_referer\" value=\"\"><button type=\"submit\" name=\"wpforms[submit]\" id=\"wpforms-submit-472\" class=\"wpforms-submit\" data-alt-text=\"Envois...\" data-submit-text=\"Enregistrement\" aria-live=\"assertive\" value=\"wpforms-submit\">Enregistrement<\/button><\/div><\/form><\/div>  <!-- .wpforms-container -->    <\/div>\n<\/div>\n<!-- \/module text -->        <\/div>\n                        <\/div>\n        <\/div>\n        <\/div>\n<!--\/themify_builder_content-->","protected":false},"excerpt":{"rendered":"<p>Enregistrement invit\u00e9(s) Il est possible d\u2019accueillir un maximum de cinq (5) invit\u00e9s \u00e0 la R\u00e9sidence Edison.\u00a0 Les r\u00e9sidents sont responsables des actes de leurs invit\u00e9s. Un seul invit\u00e9 peut dormir dans la chambre du r\u00e9sident pour un maximum de deux (2) nuit\u00e9es cons\u00e9cutives et pour un total de sept nuits sur un trimestre scolaire. Le [&hellip;]<\/p>\n","protected":false},"author":1,"featured_media":0,"parent":0,"menu_order":0,"comment_status":"closed","ping_status":"closed","template":"","meta":{"footnotes":""},"class_list":["post-468","page","type-page","status-publish","hentry","has-post-title","has-post-date","has-post-category","has-post-tag","has-post-comment","has-post-author",""],"yoast_head":"<!-- This site is optimized with the Yoast SEO plugin v27.2 - https:\/\/yoast.com\/product\/yoast-seo-wordpress\/ -->\n<title>Enregistrement invit\u00e9(s) - R\u00e9sidence Edison<\/title>\n<meta name=\"robots\" content=\"index, follow, max-snippet:-1, max-image-preview:large, max-video-preview:-1\" \/>\n<link rel=\"canonical\" href=\"https:\/\/edisonresidence.com\/fr\/guest-sign-in\/\" \/>\n<meta property=\"og:locale\" content=\"fr_FR\" \/>\n<meta property=\"og:type\" content=\"article\" \/>\n<meta property=\"og:title\" content=\"Enregistrement invit\u00e9(s) - R\u00e9sidence Edison\" \/>\n<meta property=\"og:description\" content=\"Enregistrement invit\u00e9(s) Il est possible d\u2019accueillir un maximum de cinq (5) invit\u00e9s \u00e0 la R\u00e9sidence Edison.\u00a0 Les r\u00e9sidents sont responsables des actes de leurs invit\u00e9s. Un seul invit\u00e9 peut dormir dans la chambre du r\u00e9sident pour un maximum de deux (2) nuit\u00e9es cons\u00e9cutives et pour un total de sept nuits sur un trimestre scolaire. Le [&hellip;]\" \/>\n<meta property=\"og:url\" content=\"https:\/\/edisonresidence.com\/fr\/guest-sign-in\/\" \/>\n<meta property=\"og:site_name\" content=\"R\u00e9sidence Edison\" \/>\n<meta property=\"article:publisher\" content=\"https:\/\/www.facebook.com\/edisonresidence\/\" \/>\n<meta property=\"article:modified_time\" content=\"2022-10-28T03:40:09+00:00\" \/>\n<meta name=\"twitter:card\" content=\"summary_large_image\" \/>\n<script type=\"application\/ld+json\" class=\"yoast-schema-graph\">{\"@context\":\"https:\/\/schema.org\",\"@graph\":[{\"@type\":\"WebPage\",\"@id\":\"https:\/\/edisonresidence.com\/fr\/guest-sign-in\/\",\"url\":\"https:\/\/edisonresidence.com\/fr\/guest-sign-in\/\",\"name\":\"Enregistrement invit\u00e9(s) - R\u00e9sidence Edison\",\"isPartOf\":{\"@id\":\"https:\/\/edisonresidence.com\/fr\/#website\"},\"datePublished\":\"2019-03-21T14:48:04+00:00\",\"dateModified\":\"2022-10-28T03:40:09+00:00\",\"breadcrumb\":{\"@id\":\"https:\/\/edisonresidence.com\/fr\/guest-sign-in\/#breadcrumb\"},\"inLanguage\":\"fr-FR\",\"potentialAction\":[{\"@type\":\"ReadAction\",\"target\":[\"https:\/\/edisonresidence.com\/fr\/guest-sign-in\/\"]}]},{\"@type\":\"BreadcrumbList\",\"@id\":\"https:\/\/edisonresidence.com\/fr\/guest-sign-in\/#breadcrumb\",\"itemListElement\":[{\"@type\":\"ListItem\",\"position\":1,\"name\":\"Home\",\"item\":\"https:\/\/edisonresidence.com\/fr\/\"},{\"@type\":\"ListItem\",\"position\":2,\"name\":\"Enregistrement invit\u00e9(s)\"}]},{\"@type\":\"WebSite\",\"@id\":\"https:\/\/edisonresidence.com\/fr\/#website\",\"url\":\"https:\/\/edisonresidence.com\/fr\/\",\"name\":\"Edison Residence\",\"description\":\"\",\"potentialAction\":[{\"@type\":\"SearchAction\",\"target\":{\"@type\":\"EntryPoint\",\"urlTemplate\":\"https:\/\/edisonresidence.com\/fr\/?s={search_term_string}\"},\"query-input\":{\"@type\":\"PropertyValueSpecification\",\"valueRequired\":true,\"valueName\":\"search_term_string\"}}],\"inLanguage\":\"fr-FR\"}]}<\/script>\n<!-- \/ Yoast SEO plugin. -->","yoast_head_json":{"title":"Enregistrement invit\u00e9(s) - R\u00e9sidence Edison","robots":{"index":"index","follow":"follow","max-snippet":"max-snippet:-1","max-image-preview":"max-image-preview:large","max-video-preview":"max-video-preview:-1"},"canonical":"https:\/\/edisonresidence.com\/fr\/guest-sign-in\/","og_locale":"fr_FR","og_type":"article","og_title":"Enregistrement invit\u00e9(s) - R\u00e9sidence Edison","og_description":"Enregistrement invit\u00e9(s) Il est possible d\u2019accueillir un maximum de cinq (5) invit\u00e9s \u00e0 la R\u00e9sidence Edison.\u00a0 Les r\u00e9sidents sont responsables des actes de leurs invit\u00e9s. Un seul invit\u00e9 peut dormir dans la chambre du r\u00e9sident pour un maximum de deux (2) nuit\u00e9es cons\u00e9cutives et pour un total de sept nuits sur un trimestre scolaire. Le [&hellip;]","og_url":"https:\/\/edisonresidence.com\/fr\/guest-sign-in\/","og_site_name":"R\u00e9sidence Edison","article_publisher":"https:\/\/www.facebook.com\/edisonresidence\/","article_modified_time":"2022-10-28T03:40:09+00:00","twitter_card":"summary_large_image","schema":{"@context":"https:\/\/schema.org","@graph":[{"@type":"WebPage","@id":"https:\/\/edisonresidence.com\/fr\/guest-sign-in\/","url":"https:\/\/edisonresidence.com\/fr\/guest-sign-in\/","name":"Enregistrement invit\u00e9(s) - R\u00e9sidence Edison","isPartOf":{"@id":"https:\/\/edisonresidence.com\/fr\/#website"},"datePublished":"2019-03-21T14:48:04+00:00","dateModified":"2022-10-28T03:40:09+00:00","breadcrumb":{"@id":"https:\/\/edisonresidence.com\/fr\/guest-sign-in\/#breadcrumb"},"inLanguage":"fr-FR","potentialAction":[{"@type":"ReadAction","target":["https:\/\/edisonresidence.com\/fr\/guest-sign-in\/"]}]},{"@type":"BreadcrumbList","@id":"https:\/\/edisonresidence.com\/fr\/guest-sign-in\/#breadcrumb","itemListElement":[{"@type":"ListItem","position":1,"name":"Home","item":"https:\/\/edisonresidence.com\/fr\/"},{"@type":"ListItem","position":2,"name":"Enregistrement invit\u00e9(s)"}]},{"@type":"WebSite","@id":"https:\/\/edisonresidence.com\/fr\/#website","url":"https:\/\/edisonresidence.com\/fr\/","name":"Edison Residence","description":"","potentialAction":[{"@type":"SearchAction","target":{"@type":"EntryPoint","urlTemplate":"https:\/\/edisonresidence.com\/fr\/?s={search_term_string}"},"query-input":{"@type":"PropertyValueSpecification","valueRequired":true,"valueName":"search_term_string"}}],"inLanguage":"fr-FR"}]}},"builder_content":"<h1>Enregistrement invit\u00e9(s)<\/h1> <p>Il est possible d\u2019accueillir un maximum de cinq (5) invit\u00e9s \u00e0 la R\u00e9sidence Edison.\u00a0 Les r\u00e9sidents sont responsables des actes de leurs invit\u00e9s. Un seul invit\u00e9 peut dormir dans la chambre du r\u00e9sident pour un maximum de deux (2) nuit\u00e9es cons\u00e9cutives et pour un total de sept nuits sur un trimestre scolaire. Le r\u00e9sident doit obtenir le consentement de son colocataire pour toute question en rapport avec la venue de ses invit\u00e9s. Les invit\u00e9s ne sont pas autoris\u00e9s \u00e0 dormir dans les espaces communs.<\/p> <p>\u00a0Le R\u00e9sidence Edison est une r\u00e9sidence priv\u00e9e, \u00e0 l'usage exclusif des r\u00e9sidents qui ont conclu une entente contractuelle. Un invit\u00e9 est un privil\u00e8ge qui peut \u00eatre r\u00e9voqu\u00e9 pour d\u00e9faut de se conformer \u00e0 la politique du logement. Le r\u00e9sident doit enregistrer ses visiteurs en remplissant sa demande d\u2019invit\u00e9 en ligne.<\/p> <p>Chaque r\u00e9sident aura un code d'interphone pour recevoir ses visiteurs. Chaque chambre est \u00e9quip\u00e9e d'un interphone ainsi lorsque votre visiteur arrive, il appelle votre chambre et vous pouvez lui donner acc\u00e8s au b\u00e2timent par le biais de l\u2019interphone.\u00a0 Assurez-vous de l\u2019identit\u00e9 de votre visiteur avant de lui permettre l\u2019acc\u00e8s \u00e0 la r\u00e9sidence.<\/p>\n\n<p>[wpforms id=\"472\"]<\/p>","_links":{"self":[{"href":"https:\/\/edisonresidence.com\/fr\/wp-json\/wp\/v2\/pages\/468","targetHints":{"allow":["GET"]}}],"collection":[{"href":"https:\/\/edisonresidence.com\/fr\/wp-json\/wp\/v2\/pages"}],"about":[{"href":"https:\/\/edisonresidence.com\/fr\/wp-json\/wp\/v2\/types\/page"}],"author":[{"embeddable":true,"href":"https:\/\/edisonresidence.com\/fr\/wp-json\/wp\/v2\/users\/1"}],"replies":[{"embeddable":true,"href":"https:\/\/edisonresidence.com\/fr\/wp-json\/wp\/v2\/comments?post=468"}],"version-history":[{"count":9,"href":"https:\/\/edisonresidence.com\/fr\/wp-json\/wp\/v2\/pages\/468\/revisions"}],"predecessor-version":[{"id":1054,"href":"https:\/\/edisonresidence.com\/fr\/wp-json\/wp\/v2\/pages\/468\/revisions\/1054"}],"wp:attachment":[{"href":"https:\/\/edisonresidence.com\/fr\/wp-json\/wp\/v2\/media?parent=468"}],"curies":[{"name":"wp","href":"https:\/\/api.w.org\/{rel}","templated":true}]}}