{"id":788,"date":"2019-06-30T22:49:27","date_gmt":"2019-07-01T02:49:27","guid":{"rendered":"https:\/\/edisonresidence.com\/home-2\/"},"modified":"2024-05-11T16:33:44","modified_gmt":"2024-05-11T20:33:44","slug":"home-2","status":"publish","type":"page","link":"https:\/\/edisonresidence.com\/fr\/","title":{"rendered":"Accueil"},"content":{"rendered":"<\/p>\n<!--themify_builder_content-->\n<div id=\"themify_builder_content-788\" data-postid=\"788\" class=\"themify_builder_content themify_builder_content-788 themify_builder tf_clear\">\n                    <div  data-lazy=\"1\" class=\"module_row themify_builder_row fullheight tb_eabbfdd tb_first tf_w hide-mobile\">\n            <span  class=\"builder_row_cover tf_abs\" data-lazy=\"1\"><\/span>            <div class=\"row_inner col_align_top tb_col_count_1 tf_box tf_rel\">\n                        <div  data-lazy=\"1\" class=\"module_column tb-column col-full tb_79ada35 first\">\n                    <!-- module fancy heading -->\n<div  class=\"module module-fancy-heading tb_12536f6 \" data-lazy=\"1\">\n        <h1 class=\"fancy-heading tf_textc\">\n    <span class=\"main-head tf_block\">\n                    <a href=\"\/rooms-rate\">Chambres \u00e9tudiantes meubl\u00e9es \u00e0 Montr\u00e9al<\/a>\n            <\/span>\n\n    \n    <span class=\"sub-head tf_block tf_rel\">\n                    \u00c0 proximit\u00e9 de l'universit\u00e9 McGill            <\/span>\n    <\/h1>\n<\/div>\n<!-- \/module fancy heading -->\n<!-- module buttons -->\n<div  class=\"module module-buttons tb_eb4f5ee buttons-horizontal solid  large circle\" data-lazy=\"1\">\n        <div class=\"module-buttons-item tf_in_flx\">\n                        <a href=\"\/fr\/rooms-rates\" class=\"ui builder_button tf_in_flx orange\" >\n                                                Chambres et Tarifs                                        <\/a>\n                <\/div>\n            <\/div>\n<!-- \/module buttons -->\n        <\/div>\n                        <\/div>\n        <\/div>\n                        <div  data-css_id=\"f7y7937\" data-lazy=\"1\" class=\"module_row themify_builder_row fullheight fullwidth_row_container tb_f7y7937 tf_w hide-desktop hide-tablet\">\n            <span  class=\"builder_row_cover tf_abs\" data-lazy=\"1\"><\/span>            <div class=\"row_inner col_align_top tb_col_count_1 tf_box tf_rel\">\n                        <div  data-lazy=\"1\" class=\"module_column tb-column col-full tb_0dbc019 first\">\n                    <!-- module fancy heading -->\n<div  class=\"module module-fancy-heading tb_zn81236 \" data-lazy=\"1\">\n        <h1 class=\"fancy-heading tf_textc\">\n    <span class=\"main-head tf_block\">\n                    <a href=\"\/fr\/rooms-rates\">Chambres \u00e9tudiantes meubl\u00e9es \u00e0 Montr\u00e9al<\/a>\n            <\/span>\n\n    \n    <span class=\"sub-head tf_block tf_rel\">\n                    <a href=\"\/fr\/rooms-rates\">\u00c0 PROXIMIT\u00c9 DE L'UNIVERSIT\u00c9 MC GILL<\/a>\n            <\/span>\n    <\/h1>\n<\/div>\n<!-- \/module fancy heading -->\n<!-- module buttons -->\n<div  class=\"module module-buttons tb_3h5o827 buttons-horizontal solid  large circle\" data-lazy=\"1\">\n        <div class=\"module-buttons-item tf_in_flx\">\n                        <a href=\"\/fr\/rooms-rates\" class=\"ui builder_button tf_in_flx orange\" >\n                                                Chambres et tarifs                                        <\/a>\n                <\/div>\n            <\/div>\n<!-- \/module buttons -->\n        <\/div>\n                        <\/div>\n        <\/div>\n                        <div  data-css_id=\"57d5e16\" data-lazy=\"1\" class=\"module_row themify_builder_row fullwidth tb_57d5e16 tf_w\">\n                        <div class=\"row_inner col_align_middle gutter-none tb_col_count_2 tf_box tf_rel\">\n                        <div  data-lazy=\"1\" class=\"module_column tb-column col3-1 tb_f6da4ce first\">\n        <span  class=\"builder_row_cover tf_abs\" data-lazy=\"1\"><\/span><span class=\"tb_row_frame_wrap tf_overflow tf_abs\" data-lazy=\"1\"><span class=\"tb_row_frame tb_row_frame_right  tf_abs tf_hide tf_overflow tf_h\"><\/span><\/span>            <!-- module text -->\n<div  class=\"module module-text tb_217d511   \" data-lazy=\"1\">\n        <div  class=\"tb_text_wrap\">\n        <h1><span data-doc-id=\\\"4186115000000081001\\\">Belles chambres meubl\u00e9es et tout inclus et disponibles \u00e0 la r\u00e9sidence Edison.<\/span><\/h1>    <\/div>\n<\/div>\n<!-- \/module text --><!-- module buttons -->\n<div  class=\"module module-buttons tb_s7ey243 buttons-horizontal solid  large circle\" data-lazy=\"1\">\n        <div class=\"module-buttons-item tf_in_flx\">\n                        <a href=\"\/fr\/rooms-rates\" class=\"ui builder_button tf_in_flx orange\" >\n                                                Plus d'information                                        <\/a>\n                <\/div>\n            <\/div>\n<!-- \/module buttons -->\n        <\/div>\n                    <div  data-lazy=\"1\" class=\"module_column tb-column col3-2 tb_ea76227 last\">\n                            <div  data-lazy=\"1\" class=\"module_subrow themify_builder_sub_row tf_w col_align_top tb_col_count_3 tb_do3z160\">\n                <div  data-lazy=\"1\" class=\"module_column sub_column col3-1 tb_itch162 first\">\n                    <!-- module feature -->\n<div  class=\"module module-feature tb_ng9s765 with-chart layout-icon-top size-medium \" data-layout-mobile=\"icon-top\" data-layout-desktop=\"icon-top\" data-lazy=\"1\">\n        <div class=\"module-feature-image tf_textc tf_rel\">\n                            <span class=\"module-feature-chart-html5 tf_box tf_rel tf_inline_b\">\n                                    <svg class=\"tf_abs tf_w tf_h\">\n                    <circle class=\"tb_feature_fill\" r=\"calc(50% - 2.50px)\" cx=\"50%\" cy=\"50%\" stroke-width=\"5\"\/>\n                    <circle class=\"tb_feature_stroke\" r=\"calc(50% - 2.50px)\" cx=\"50%\" cy=\"50%\" stroke=\"#ffffff\" stroke-width=\"5\" data-progress=\"100\" stroke-dasharray=\"0,10000\"\/>\n                                        <\/svg>\n                                <span class=\"chart-html5-circle tf_w tf_h\">\n                                            <em class=\"module-feature-icon tf_rel\" style=\"color:#000000\"><svg  class=\"tf_fa tf-fas-university\" xmlns:xlink=\"http:\/\/www.w3.org\/1999\/xlink\" aria-hidden=\"true\"><use href=\"#tf-fas-university\" xlink:href=\"#tf-fas-university\"><\/use><\/svg><\/em>\n                                    <\/span>\n\n                \n            <\/span>\n                <\/div>\n    <div class=\"module-feature-content tf_textc\">\n                    <h3 class=\"module-feature-title\">\n                            Universit\u00e9 McGill                        <\/h3>\n                    <div class=\"tb_text_wrap\">\n            <p><span data-doc-id=\"4186115000000081001\">\u00e0 quelques pas de votre campus.<\/span><\/p>        <\/div>\n    <\/div>\n<\/div>\n<!-- \/module feature -->\n        <\/div>\n                    <div  data-lazy=\"1\" class=\"module_column sub_column col3-1 tb_j9ce163\">\n                    <!-- module feature -->\n<div  class=\"module module-feature tb_jnvw121 with-chart layout-icon-top size-medium \" data-layout-mobile=\"icon-top\" data-layout-desktop=\"icon-top\" data-lazy=\"1\">\n        <div class=\"module-feature-image tf_textc tf_rel\">\n                            <span class=\"module-feature-chart-html5 tf_box tf_rel tf_inline_b\">\n                                    <svg class=\"tf_abs tf_w tf_h\">\n                    <circle class=\"tb_feature_fill\" r=\"calc(50% - 2.50px)\" cx=\"50%\" cy=\"50%\" stroke-width=\"5\"\/>\n                    <circle class=\"tb_feature_stroke\" r=\"calc(50% - 2.50px)\" cx=\"50%\" cy=\"50%\" stroke=\"#ffffff\" stroke-width=\"5\" data-progress=\"100\" stroke-dasharray=\"0,10000\"\/>\n                                        <\/svg>\n                                <span class=\"chart-html5-circle tf_w tf_h\">\n                                            <em class=\"module-feature-icon tf_rel\" style=\"color:#000000\"><svg  class=\"tf_fa tf-fas-hands-helping\" xmlns:xlink=\"http:\/\/www.w3.org\/1999\/xlink\" aria-hidden=\"true\"><use href=\"#tf-fas-hands-helping\" xlink:href=\"#tf-fas-hands-helping\"><\/use><\/svg><\/em>\n                                    <\/span>\n\n                \n            <\/span>\n                <\/div>\n    <div class=\"module-feature-content tf_textc\">\n                    <h3 class=\"module-feature-title\">\n                            S\u00e9curit\u00e9                        <\/h3>\n                    <div class=\"tb_text_wrap\">\n            <p><span data-doc-id=\"4186115000000081001\">D\u00e9placez-vous en toute confiance gr\u00e2ce au haut niveau de s\u00e9curit\u00e9 sur le campus<\/span><\/p>        <\/div>\n    <\/div>\n<\/div>\n<!-- \/module feature -->\n        <\/div>\n                    <div  data-lazy=\"1\" class=\"module_column sub_column col3-1 tb_inq9163 last\">\n                    <!-- module feature -->\n<div  class=\"module module-feature tb_alug901 with-chart layout-icon-top size-medium \" data-layout-mobile=\"icon-top\" data-layout-desktop=\"icon-top\" data-lazy=\"1\">\n        <div class=\"module-feature-image tf_textc tf_rel\">\n                            <span class=\"module-feature-chart-html5 tf_box tf_rel tf_inline_b\">\n                                    <svg class=\"tf_abs tf_w tf_h\">\n                    <circle class=\"tb_feature_fill\" r=\"calc(50% - 2.50px)\" cx=\"50%\" cy=\"50%\" stroke-width=\"5\"\/>\n                    <circle class=\"tb_feature_stroke\" r=\"calc(50% - 2.50px)\" cx=\"50%\" cy=\"50%\" stroke=\"#ffffff\" stroke-width=\"5\" data-progress=\"100\" stroke-dasharray=\"0,10000\"\/>\n                                        <\/svg>\n                                <span class=\"chart-html5-circle tf_w tf_h\">\n                                            <em class=\"module-feature-icon tf_rel\" style=\"color:#000000\"><svg  class=\"tf_fa tf-fas-thumbs-up\" xmlns:xlink=\"http:\/\/www.w3.org\/1999\/xlink\" aria-hidden=\"true\"><use href=\"#tf-fas-thumbs-up\" xlink:href=\"#tf-fas-thumbs-up\"><\/use><\/svg><\/em>\n                                    <\/span>\n\n                \n            <\/span>\n                <\/div>\n    <div class=\"module-feature-content tf_textc\">\n                    <h3 class=\"module-feature-title\">\n                            Tout inclus                        <\/h3>\n                    <div class=\"tb_text_wrap\">\n            <p><span data-doc-id=\"4186115000000081001\">Chambre cl\u00e9 en main, Wifi, \u00c9lectricit\u00e9, chauffage et climatisation<\/span><\/p>        <\/div>\n    <\/div>\n<\/div>\n<!-- \/module feature -->\n        <\/div>\n                    <\/div>\n                <\/div>\n                        <\/div>\n        <\/div>\n        <\/div>\n<!--\/themify_builder_content-->","protected":false},"excerpt":{"rendered":"","protected":false},"author":1,"featured_media":0,"parent":0,"menu_order":0,"comment_status":"closed","ping_status":"closed","template":"","meta":{"footnotes":""},"class_list":["post-788","page","type-page","status-publish","hentry","has-post-title","has-post-date","has-post-category","has-post-tag","has-post-comment","has-post-author",""],"yoast_head":"<!-- This site is optimized with the Yoast SEO plugin v27.2 - https:\/\/yoast.com\/product\/yoast-seo-wordpress\/ -->\n<title>Edison Residence - Furnished Student Housing in Montreal<\/title>\n<meta name=\"description\" content=\"The Edison Residence offers student rooms to Downtown Montreal. Immediate neighbor of McGill University, the residence offers security accommodation.\" \/>\n<meta name=\"robots\" content=\"index, follow, max-snippet:-1, max-image-preview:large, max-video-preview:-1\" \/>\n<link rel=\"canonical\" href=\"https:\/\/edisonresidence.com\/fr\/\" \/>\n<meta property=\"og:locale\" content=\"fr_FR\" \/>\n<meta property=\"og:type\" content=\"article\" \/>\n<meta property=\"og:title\" content=\"Edison Residence - Furnished Student Housing in Montreal\" \/>\n<meta property=\"og:description\" content=\"The Edison Residence offers student rooms to Downtown Montreal. Immediate neighbor of McGill University, the residence offers security accommodation.\" \/>\n<meta property=\"og:url\" content=\"https:\/\/edisonresidence.com\/fr\/\" \/>\n<meta property=\"og:site_name\" content=\"R\u00e9sidence Edison\" \/>\n<meta property=\"article:publisher\" content=\"https:\/\/www.facebook.com\/edisonresidence\/\" \/>\n<meta property=\"article:modified_time\" content=\"2024-05-11T20:33:44+00:00\" \/>\n<meta name=\"twitter:card\" content=\"summary_large_image\" \/>\n<meta name=\"twitter:label1\" content=\"Dur\u00e9e de lecture estim\u00e9e\" \/>\n\t<meta name=\"twitter:data1\" content=\"1 minute\" \/>\n<script type=\"application\/ld+json\" class=\"yoast-schema-graph\">{\"@context\":\"https:\/\/schema.org\",\"@graph\":[{\"@type\":\"WebPage\",\"@id\":\"https:\/\/edisonresidence.com\/fr\/\",\"url\":\"https:\/\/edisonresidence.com\/fr\/\",\"name\":\"Edison Residence - Furnished Student Housing in Montreal\",\"isPartOf\":{\"@id\":\"https:\/\/edisonresidence.com\/fr\/#website\"},\"datePublished\":\"2019-07-01T02:49:27+00:00\",\"dateModified\":\"2024-05-11T20:33:44+00:00\",\"description\":\"The Edison Residence offers student rooms to Downtown Montreal. Immediate neighbor of McGill University, the residence offers security accommodation.\",\"breadcrumb\":{\"@id\":\"https:\/\/edisonresidence.com\/fr\/#breadcrumb\"},\"inLanguage\":\"fr-FR\",\"potentialAction\":[{\"@type\":\"ReadAction\",\"target\":[\"https:\/\/edisonresidence.com\/fr\/\"]}]},{\"@type\":\"BreadcrumbList\",\"@id\":\"https:\/\/edisonresidence.com\/fr\/#breadcrumb\",\"itemListElement\":[{\"@type\":\"ListItem\",\"position\":1,\"name\":\"Home\",\"item\":\"https:\/\/edisonresidence.com\/fr\/\"},{\"@type\":\"ListItem\",\"position\":2,\"name\":\"Accueil\"}]},{\"@type\":\"WebSite\",\"@id\":\"https:\/\/edisonresidence.com\/fr\/#website\",\"url\":\"https:\/\/edisonresidence.com\/fr\/\",\"name\":\"Edison Residence\",\"description\":\"\",\"potentialAction\":[{\"@type\":\"SearchAction\",\"target\":{\"@type\":\"EntryPoint\",\"urlTemplate\":\"https:\/\/edisonresidence.com\/fr\/?s={search_term_string}\"},\"query-input\":{\"@type\":\"PropertyValueSpecification\",\"valueRequired\":true,\"valueName\":\"search_term_string\"}}],\"inLanguage\":\"fr-FR\"}]}<\/script>\n<!-- \/ Yoast SEO plugin. -->","yoast_head_json":{"title":"Edison Residence - Furnished Student Housing in Montreal","description":"The Edison Residence offers student rooms to Downtown Montreal. Immediate neighbor of McGill University, the residence offers security accommodation.","robots":{"index":"index","follow":"follow","max-snippet":"max-snippet:-1","max-image-preview":"max-image-preview:large","max-video-preview":"max-video-preview:-1"},"canonical":"https:\/\/edisonresidence.com\/fr\/","og_locale":"fr_FR","og_type":"article","og_title":"Edison Residence - Furnished Student Housing in Montreal","og_description":"The Edison Residence offers student rooms to Downtown Montreal. Immediate neighbor of McGill University, the residence offers security accommodation.","og_url":"https:\/\/edisonresidence.com\/fr\/","og_site_name":"R\u00e9sidence Edison","article_publisher":"https:\/\/www.facebook.com\/edisonresidence\/","article_modified_time":"2024-05-11T20:33:44+00:00","twitter_card":"summary_large_image","twitter_misc":{"Dur\u00e9e de lecture estim\u00e9e":"1 minute"},"schema":{"@context":"https:\/\/schema.org","@graph":[{"@type":"WebPage","@id":"https:\/\/edisonresidence.com\/fr\/","url":"https:\/\/edisonresidence.com\/fr\/","name":"Edison Residence - Furnished Student Housing in Montreal","isPartOf":{"@id":"https:\/\/edisonresidence.com\/fr\/#website"},"datePublished":"2019-07-01T02:49:27+00:00","dateModified":"2024-05-11T20:33:44+00:00","description":"The Edison Residence offers student rooms to Downtown Montreal. Immediate neighbor of McGill University, the residence offers security accommodation.","breadcrumb":{"@id":"https:\/\/edisonresidence.com\/fr\/#breadcrumb"},"inLanguage":"fr-FR","potentialAction":[{"@type":"ReadAction","target":["https:\/\/edisonresidence.com\/fr\/"]}]},{"@type":"BreadcrumbList","@id":"https:\/\/edisonresidence.com\/fr\/#breadcrumb","itemListElement":[{"@type":"ListItem","position":1,"name":"Home","item":"https:\/\/edisonresidence.com\/fr\/"},{"@type":"ListItem","position":2,"name":"Accueil"}]},{"@type":"WebSite","@id":"https:\/\/edisonresidence.com\/fr\/#website","url":"https:\/\/edisonresidence.com\/fr\/","name":"Edison Residence","description":"","potentialAction":[{"@type":"SearchAction","target":{"@type":"EntryPoint","urlTemplate":"https:\/\/edisonresidence.com\/fr\/?s={search_term_string}"},"query-input":{"@type":"PropertyValueSpecification","valueRequired":true,"valueName":"search_term_string"}}],"inLanguage":"fr-FR"}]}},"builder_content":"<h1>Chambres \u00e9tudiantes meubl\u00e9es \u00e0 Montr\u00e9al<br\/>\u00c0 proximit\u00e9 de l'universit\u00e9 McGill<\/h1>\n<a href=\"\/fr\/rooms-rates\" > Chambres et Tarifs <\/a>\n<h1>Chambres \u00e9tudiantes meubl\u00e9es \u00e0 Montr\u00e9al<br\/>\u00c0 PROXIMIT\u00c9 DE L'UNIVERSIT\u00c9 MC GILL<\/h1>\n<a href=\"\/fr\/rooms-rates\" > Chambres et tarifs <\/a>\n<h1>Belles chambres meubl\u00e9es et tout inclus et disponibles \u00e0 la r\u00e9sidence Edison.<\/h1>\n<a href=\"\/fr\/rooms-rates\" > Plus d'information <\/a>\n<svg> <circle r=\"calc(50% - 2.50px)\" cx=\"50%\" cy=\"50%\" stroke-width=\"5\"\/> <circle r=\"calc(50% - 2.50px)\" cx=\"50%\" cy=\"50%\" stroke=\"#ffffff\" stroke-width=\"5\" data-progress=\"100\" stroke-dasharray=\"0,10000\"\/> <\/svg> <em style=\"color:#000000\"><svg xmlns:xlink=\"http:\/\/www.w3.org\/1999\/xlink\" aria-hidden=\"true\"><use href=\"#tf-fas-university\" xlink:href=\"#tf-fas-university\"><\/use><\/svg><\/em> \n <h3> Universit\u00e9 McGill <\/h3> <p>\u00e0 quelques pas de votre campus.<\/p>\n<svg> <circle r=\"calc(50% - 2.50px)\" cx=\"50%\" cy=\"50%\" stroke-width=\"5\"\/> <circle r=\"calc(50% - 2.50px)\" cx=\"50%\" cy=\"50%\" stroke=\"#ffffff\" stroke-width=\"5\" data-progress=\"100\" stroke-dasharray=\"0,10000\"\/> <\/svg> <em style=\"color:#000000\"><svg xmlns:xlink=\"http:\/\/www.w3.org\/1999\/xlink\" aria-hidden=\"true\"><use href=\"#tf-fas-hands-helping\" xlink:href=\"#tf-fas-hands-helping\"><\/use><\/svg><\/em> \n <h3> S\u00e9curit\u00e9 <\/h3> <p>D\u00e9placez-vous en toute confiance gr\u00e2ce au haut niveau de s\u00e9curit\u00e9 sur le campus<\/p>\n<svg> <circle r=\"calc(50% - 2.50px)\" cx=\"50%\" cy=\"50%\" stroke-width=\"5\"\/> <circle r=\"calc(50% - 2.50px)\" cx=\"50%\" cy=\"50%\" stroke=\"#ffffff\" stroke-width=\"5\" data-progress=\"100\" stroke-dasharray=\"0,10000\"\/> <\/svg> <em style=\"color:#000000\"><svg xmlns:xlink=\"http:\/\/www.w3.org\/1999\/xlink\" aria-hidden=\"true\"><use href=\"#tf-fas-thumbs-up\" xlink:href=\"#tf-fas-thumbs-up\"><\/use><\/svg><\/em> \n <h3> Tout inclus <\/h3> <p>Chambre cl\u00e9 en main, Wifi, \u00c9lectricit\u00e9, chauffage et climatisation<\/p>","_links":{"self":[{"href":"https:\/\/edisonresidence.com\/fr\/wp-json\/wp\/v2\/pages\/788","targetHints":{"allow":["GET"]}}],"collection":[{"href":"https:\/\/edisonresidence.com\/fr\/wp-json\/wp\/v2\/pages"}],"about":[{"href":"https:\/\/edisonresidence.com\/fr\/wp-json\/wp\/v2\/types\/page"}],"author":[{"embeddable":true,"href":"https:\/\/edisonresidence.com\/fr\/wp-json\/wp\/v2\/users\/1"}],"replies":[{"embeddable":true,"href":"https:\/\/edisonresidence.com\/fr\/wp-json\/wp\/v2\/comments?post=788"}],"version-history":[{"count":30,"href":"https:\/\/edisonresidence.com\/fr\/wp-json\/wp\/v2\/pages\/788\/revisions"}],"predecessor-version":[{"id":1145,"href":"https:\/\/edisonresidence.com\/fr\/wp-json\/wp\/v2\/pages\/788\/revisions\/1145"}],"wp:attachment":[{"href":"https:\/\/edisonresidence.com\/fr\/wp-json\/wp\/v2\/media?parent=788"}],"curies":[{"name":"wp","href":"https:\/\/api.w.org\/{rel}","templated":true}]}}